{"id":25,"date":"2024-03-21T09:12:02","date_gmt":"2024-03-21T08:12:02","guid":{"rendered":"https:\/\/www.spiaciucet.sk\/?page_id=25"},"modified":"2024-11-06T13:10:15","modified_gmt":"2024-11-06T12:10:15","slug":"homepage","status":"publish","type":"page","link":"https:\/\/www.spiaciucet.sk\/","title":{"rendered":"Homepage"},"content":{"rendered":"<p>[et_pb_section fb_built=&#8221;1&#8243; _builder_version=&#8221;4.24.2&#8243; _module_preset=&#8221;default&#8221; use_background_color_gradient=&#8221;on&#8221; background_color_gradient_stops=&#8221;rgba(255,255,255,0) 51%|rgba(56,53,57,0.8) 100%&#8221; background_color_gradient_overlays_image=&#8221;on&#8221; background_image=&#8221;https:\/\/www.spiaciucet.sk\/wp-content\/uploads\/2024\/03\/spiaci-ucet-1-crop-1230.jpeg&#8221; parallax=&#8221;on&#8221; parallax_method=&#8221;off&#8221; custom_padding=&#8221;195px|||||&#8221; global_colors_info=&#8221;{}&#8221;][et_pb_row _builder_version=&#8221;4.24.2&#8243; _module_preset=&#8221;default&#8221; global_colors_info=&#8221;{}&#8221;][et_pb_column type=&#8221;4_4&#8243; _builder_version=&#8221;4.24.2&#8243; _module_preset=&#8221;default&#8221; global_colors_info=&#8221;{}&#8221;][et_pb_image src=&#8221;https:\/\/www.spiaciucet.sk\/wp-content\/uploads\/2024\/03\/spiaci-ucet-logo-green.png&#8221; alt=&#8221;Spiaci \u00fa\u010det&#8221; title_text=&#8221;spiaci ucet logo green&#8221; show_bottom_space=&#8221;off&#8221; align=&#8221;center&#8221; _builder_version=&#8221;4.24.2&#8243; _module_preset=&#8221;default&#8221; width=&#8221;75%&#8221; module_alignment=&#8221;center&#8221; custom_margin=&#8221;||-1px||false|false&#8221; mix_blend_mode=&#8221;difference&#8221; global_colors_info=&#8221;{}&#8221;][\/et_pb_image][\/et_pb_column][\/et_pb_row][\/et_pb_section][et_pb_section fb_built=&#8221;1&#8243; admin_label=&#8221;Poster&#8221; _builder_version=&#8221;4.24.2&#8243; _module_preset=&#8221;default&#8221; background_color=&#8221;#010300&#8243; custom_margin=&#8221;-5px||||false|false&#8221; custom_padding=&#8221;80px||80px||false|false&#8221; collapsed=&#8221;off&#8221; global_colors_info=&#8221;{}&#8221;][et_pb_row column_structure=&#8221;2_5,3_5&#8243; make_equal=&#8221;on&#8221; _builder_version=&#8221;4.24.2&#8243; _module_preset=&#8221;default&#8221; global_colors_info=&#8221;{}&#8221;][et_pb_column type=&#8221;2_5&#8243; _builder_version=&#8221;4.24.2&#8243; _module_preset=&#8221;default&#8221; custom_css_main_element=&#8221;margin: auto;&#8221; global_colors_info=&#8221;{}&#8221;][et_pb_text _builder_version=&#8221;4.24.2&#8243; _module_preset=&#8221;default&#8221; text_font=&#8221;Founders Grotesk X-Cond Regular||||||||&#8221; text_font_size=&#8221;24px&#8221; text_line_height=&#8221;1.2em&#8221; text_orientation=&#8221;right&#8221; background_layout=&#8221;dark&#8221; custom_margin=&#8221;50px||30px|||&#8221; text_orientation_tablet=&#8221;center&#8221; text_orientation_phone=&#8221;center&#8221; text_orientation_last_edited=&#8221;on|phone&#8221; global_colors_info=&#8221;{}&#8221;]V centre pr\u00edbehu filmu stoja mlad\u00ed man\u017eelia, ktor\u00ed sa v&nbsp;zlo\u017eitej \u017eivotnej a&nbsp;finan\u010dnej situ\u00e1cii rozhodn\u00fa preda\u0165 vz\u00e1cny obraz, zdeden\u00fd po star\u00fdch rodi\u010doch. N\u00e1jdu v&nbsp;\u0148om ch\u00falostiv\u00fd odkaz, ktor\u00fd sa&nbsp;pok\u00fa\u0161aj\u00fa rozl\u00fa\u0161ti\u0165. Odkr\u00fdvaj\u00fa v\u010faka tomu temn\u00e9 tajomstvo rodiny, siahaj\u00face a\u017e do obdobia druhej svetovej vojny. Nov\u00e9 zistenia ich postavia pred dilemu &#8211; peniaze im m\u00f4\u017eu zmeni\u0165 \u017eivot vo v\u0161etkom, no s&nbsp;bohatstvom preber\u00fa na seba aj vinu svojich predkov. A&nbsp;\u010dak\u00e1 ich mo\u017eno viac ako mili\u00f3n\u2026[\/et_pb_text][et_pb_text _builder_version=&#8221;4.24.2&#8243; _module_preset=&#8221;default&#8221; text_font=&#8221;Founders Grotesk X-Cond Regular||||||||&#8221; text_font_size=&#8221;24px&#8221; text_line_height=&#8221;1.8em&#8221; header_3_font_size=&#8221;40px&#8221; text_orientation=&#8221;right&#8221; background_layout=&#8221;dark&#8221; custom_margin=&#8221;50px||30px|||&#8221; text_orientation_tablet=&#8221;center&#8221; text_orientation_phone=&#8221;center&#8221; text_orientation_last_edited=&#8221;on|phone&#8221; global_colors_info=&#8221;{}&#8221;]<\/p>\n<h3>V KIN\u00c1CH OD 18. APR\u00cdLA<\/h3>\n<p>[\/et_pb_text][et_pb_image src=&#8221;https:\/\/www.spiaciucet.sk\/wp-content\/uploads\/2024\/03\/facebook-logo-60px.png&#8221; alt=&#8221;Facebook logo&#8221; title_text=&#8221;facebook-logo-60px&#8221; url=&#8221;https:\/\/www.facebook.com\/profile.php?id=61557248390276&#8243; url_new_window=&#8221;on&#8221; _builder_version=&#8221;4.24.2&#8243; _module_preset=&#8221;default&#8221; width=&#8221;30px&#8221; width_tablet=&#8221;30px&#8221; width_phone=&#8221;27px&#8221; width_last_edited=&#8221;on|tablet&#8221; module_alignment=&#8221;right&#8221; custom_padding=&#8221;||50px||false|false&#8221; module_alignment_tablet=&#8221;center&#8221; module_alignment_phone=&#8221;center&#8221; module_alignment_last_edited=&#8221;on|phone&#8221; global_colors_info=&#8221;{}&#8221; width__hover_enabled=&#8221;off|desktop&#8221;][\/et_pb_image][\/et_pb_column][et_pb_column type=&#8221;3_5&#8243; _builder_version=&#8221;4.24.2&#8243; _module_preset=&#8221;default&#8221; global_colors_info=&#8221;{}&#8221;][et_pb_image src=&#8221;https:\/\/www.spiaciucet.sk\/wp-content\/uploads\/2024\/03\/Spiaci_ucet_online_final-2048-optim.jpg&#8221; alt=&#8221;Spiaci \u00fa\u010det&#8221; title_text=&#8221;Spiaci_ucet_online_final-2048-optim&#8221; show_in_lightbox=&#8221;on&#8221; align=&#8221;center&#8221; _builder_version=&#8221;4.24.2&#8243; _module_preset=&#8221;default&#8221; width=&#8221;75%&#8221; width_tablet=&#8221;100%&#8221; width_phone=&#8221;100%&#8221; width_last_edited=&#8221;on|phone&#8221; global_colors_info=&#8221;{}&#8221;][\/et_pb_image][\/et_pb_column][\/et_pb_row][\/et_pb_section][et_pb_section fb_built=&#8221;1&#8243; admin_label=&#8221;Obsadenie&#8221; _builder_version=&#8221;4.24.2&#8243; _module_preset=&#8221;default&#8221; background_color=&#8221;#ced7d4&#8243; custom_padding=&#8221;80px|||||&#8221; global_colors_info=&#8221;{}&#8221;][et_pb_row column_structure=&#8221;1_3,1_3,1_3&#8243; _builder_version=&#8221;4.24.2&#8243; _module_preset=&#8221;default&#8221; global_colors_info=&#8221;{}&#8221;][et_pb_column type=&#8221;1_3&#8243; _builder_version=&#8221;4.24.2&#8243; _module_preset=&#8221;default&#8221; global_colors_info=&#8221;{}&#8221;][et_pb_image src=&#8221;https:\/\/www.spiaciucet.sk\/wp-content\/uploads\/2024\/03\/Spiaci-ucet-minulost-2048-optim.jpg&#8221; alt=&#8221;Minulos\u0165&#8221; title_text=&#8221;Spiaci-ucet-minulost-2048-optim&#8221; admin_label=&#8221;Minulos\u0165&#8221; _builder_version=&#8221;4.24.2&#8243; _module_preset=&#8221;default&#8221; global_colors_info=&#8221;{}&#8221;][\/et_pb_image][et_pb_text _builder_version=&#8221;4.24.2&#8243; _module_preset=&#8221;default&#8221; text_font=&#8221;Founders Grotesk X-Cond Regular||||||||&#8221; text_font_size=&#8221;20px&#8221; text_orientation=&#8221;center&#8221; global_colors_info=&#8221;{}&#8221;]<\/p>\n<table style=\"width: 100%; border-collapse: collapse; border-style: none;\" border=\"0\" cellspacing=\"0\" cellpadding=\"0\">\n<tbody>\n<tr>\n<td style=\"width: 50%; text-align: right;\">JOZEF<\/td>\n<td style=\"width: 50%;\">David Uzs\u00e1k<\/td>\n<\/tr>\n<tr>\n<td style=\"width: 50%; text-align: right;\">MARIKA<\/td>\n<td style=\"width: 50%;\">Veronika M\u00e9sz\u00e1rosov\u00e1<\/td>\n<\/tr>\n<tr>\n<td style=\"width: 50%; text-align: right;\">DITRICH WILLY<\/td>\n<td style=\"width: 50%;\">Viktor Szab\u00f3<\/td>\n<\/tr>\n<tr>\n<td style=\"width: 50%; text-align: right;\">HRONSK\u00dd<\/td>\n<td style=\"width: 50%;\">Adrian Jastraban<\/td>\n<\/tr>\n<tr>\n<td style=\"width: 50%; text-align: right;\">HRONSK\u00c1<\/td>\n<td style=\"width: 50%;\">\u00c9va Bandor<\/td>\n<\/tr>\n<tr>\n<td style=\"width: 50%; text-align: right;\">EDITKA<\/td>\n<td style=\"width: 50%;\">Charlott Ketrin Koll\u00e1rov\u00e1<\/td>\n<\/tr>\n<tr>\n<td style=\"width: 50%; text-align: right;\">VIK\u00c1R<\/td>\n<td style=\"width: 50%;\">Milan Mikul\u010d\u00edk<\/td>\n<\/tr>\n<tr>\n<td style=\"width: 50%; text-align: right;\">PREDNOSTA<\/td>\n<td style=\"width: 50%;\">Marko Igonda<\/td>\n<\/tr>\n<tr>\n<td style=\"width: 50%; text-align: right;\">TAJOMN\u00cdK<\/td>\n<td style=\"width: 50%;\">Juraj Kemka<\/td>\n<\/tr>\n<tr>\n<td style=\"width: 50%; text-align: right;\">GROSS<\/td>\n<td style=\"width: 50%;\">Vladim\u00edr Hajdu<\/td>\n<\/tr>\n<tr>\n<td style=\"width: 50%; text-align: right;\">SIONISTKA<\/td>\n<td style=\"width: 50%;\">Rebeka Pol\u00e1kov\u00e1<\/td>\n<\/tr>\n<tr>\n<td style=\"width: 50%; text-align: right;\">KAMIL<\/td>\n<td style=\"width: 50%;\">Mat\u011bj \u0160trunc<\/td>\n<\/tr>\n<tr>\n<td style=\"width: 50%; text-align: right;\">JUCI<\/td>\n<td style=\"width: 50%;\">Ane\u017eka Petrov\u00e1<\/td>\n<\/tr>\n<\/tbody>\n<\/table>\n<p>[\/et_pb_text][\/et_pb_column][et_pb_column type=&#8221;1_3&#8243; _builder_version=&#8221;4.24.2&#8243; _module_preset=&#8221;default&#8221; global_colors_info=&#8221;{}&#8221;][et_pb_image src=&#8221;https:\/\/www.spiaciucet.sk\/wp-content\/uploads\/2024\/03\/Spiaci-ucet-reziser-2048-optim.jpg&#8221; alt=&#8221;Re\u017eis\u00e9r&#8221; title_text=&#8221;Spiaci-ucet-reziser-2048-optim&#8221; _builder_version=&#8221;4.24.2&#8243; _module_preset=&#8221;default&#8221; global_colors_info=&#8221;{}&#8221;][\/et_pb_image][et_pb_text _builder_version=&#8221;4.24.2&#8243; _module_preset=&#8221;default&#8221; text_font=&#8221;Founders Grotesk X-Cond Regular||||||||&#8221; text_font_size=&#8221;20px&#8221; text_orientation=&#8221;center&#8221; global_colors_info=&#8221;{}&#8221;]<\/p>\n<table style=\"width: 100%; border-collapse: collapse; border-style: none;\" border=\"0\" cellspacing=\"0\" cellpadding=\"0\">\n<tbody>\n<tr>\n<td style=\"width: 50%; text-align: right;\">R\u00c9\u017dIA<\/td>\n<td style=\"width: 50%;\">Miloslav Luther<\/td>\n<\/tr>\n<tr>\n<td style=\"width: 50%; text-align: right;\">PRODUCENT<\/td>\n<td style=\"width: 50%;\">Marian Urban<\/td>\n<\/tr>\n<tr>\n<td style=\"width: 50%; text-align: right;\">N\u00c1MET A SCEN\u00c1R<\/td>\n<td style=\"width: 50%;\">Miloslav Luther<\/td>\n<\/tr>\n<tr>\n<td style=\"width: 50%; text-align: right;\">KAMERA<\/td>\n<td style=\"width: 50%;\">Tom\u00e1\u0161 Stanek ASK<\/td>\n<\/tr>\n<tr>\n<td style=\"width: 50%; text-align: right;\">HUDBA<\/td>\n<td style=\"width: 50%;\">Jozef Vlk<\/td>\n<\/tr>\n<tr>\n<td style=\"width: 50%; text-align: right;\">ARCHITEKT<\/td>\n<td style=\"width: 50%;\">Pavol Andra\u0161ko<\/td>\n<\/tr>\n<tr>\n<td style=\"width: 50%; text-align: right;\">V\u00ddTVARN\u00cd\u010cKA KOST\u00ddMOV<\/td>\n<td style=\"width: 50%;\">Simona Vach\u00e1lkov\u00e1<\/td>\n<\/tr>\n<tr>\n<td style=\"width: 50%; text-align: right;\">UMELECK\u00c1 MASK\u00c9RKA<\/td>\n<td style=\"width: 50%;\">Anna Hro\u0161\u0161ov\u00e1<\/td>\n<\/tr>\n<tr>\n<td style=\"width: 50%; text-align: right;\">STRIH<\/td>\n<td style=\"width: 50%;\">Martin Malo<\/td>\n<\/tr>\n<tr>\n<td style=\"width: 50%; text-align: right;\">ZVUK<\/td>\n<td style=\"width: 50%;\">Michal D\u017eado\u0148<\/td>\n<\/tr>\n<tr>\n<td style=\"width: 50%; text-align: right;\">DRAMATURGIA<\/td>\n<td style=\"width: 50%;\">Magdal\u00e9na Glasnerov\u00e1<br \/>Rudolf Such\u00e1nek<br \/>Mari\u00e1n J. Kovalik<\/td>\n<\/tr>\n<tr>\n<td style=\"width: 50%; text-align: right;\">KOPRODUCENTI<\/td>\n<td style=\"width: 50%;\">Olga Raitoralov\u00e1<br \/>Zden\u011bk Skaunic<\/td>\n<\/tr>\n<\/tbody>\n<\/table>\n<p>[\/et_pb_text][\/et_pb_column][et_pb_column type=&#8221;1_3&#8243; _builder_version=&#8221;4.24.2&#8243; _module_preset=&#8221;default&#8221; global_colors_info=&#8221;{}&#8221;][et_pb_image src=&#8221;https:\/\/www.spiaciucet.sk\/wp-content\/uploads\/2024\/03\/Spiaci-ucet-sucasnost-2048-optim.jpg&#8221; alt=&#8221;S\u00fa\u010dasnos\u0165&#8221; title_text=&#8221;Spiaci-ucet-sucasnost-2048-optim&#8221; _builder_version=&#8221;4.24.2&#8243; _module_preset=&#8221;default&#8221; global_colors_info=&#8221;{}&#8221;][\/et_pb_image][et_pb_text _builder_version=&#8221;4.24.2&#8243; _module_preset=&#8221;default&#8221; text_font=&#8221;Founders Grotesk X-Cond Regular||||||||&#8221; text_font_size=&#8221;20px&#8221; text_orientation=&#8221;center&#8221; global_colors_info=&#8221;{}&#8221;]<\/p>\n<table style=\"width: 100%; border-collapse: collapse; border-style: none;\" border=\"0\" cellspacing=\"0\" cellpadding=\"0\">\n<tbody>\n<tr style=\"height: 23px;\">\n<td style=\"width: 50%; text-align: right; height: 23px;\">ADAM<\/td>\n<td style=\"width: 50%; height: 23px;\">Richard Autner<\/td>\n<\/tr>\n<tr style=\"height: 23px;\">\n<td style=\"width: 50%; text-align: right; height: 23px;\">HELA<\/td>\n<td style=\"width: 50%; height: 23px;\">Dominika Mor\u00e1vkov\u00e1<\/td>\n<\/tr>\n<tr style=\"height: 23px;\">\n<td style=\"width: 50%; text-align: right; height: 23px;\">JAVORA<\/td>\n<td style=\"width: 50%; height: 23px;\">Franti\u0161ek Kov\u00e1r<\/td>\n<\/tr>\n<tr style=\"height: 23px;\">\n<td style=\"width: 50%; text-align: right; height: 23px;\">KL\u00c1RA<\/td>\n<td style=\"width: 50%; height: 23px;\">Anna \u010celko Ma\u013eov\u00e1<\/td>\n<\/tr>\n<tr style=\"height: 23px;\">\n<td style=\"width: 50%; text-align: right; height: 23px;\">EDITA<\/td>\n<td style=\"width: 50%; height: 23px;\">Iva Jan\u017eurov\u00e1<\/td>\n<\/tr>\n<tr style=\"height: 23px;\">\n<td style=\"width: 50%; text-align: right; height: 23px;\">DAVID<\/td>\n<td style=\"width: 50%; height: 23px;\">Vladim\u00edr Pol\u00edvka<\/td>\n<\/tr>\n<tr style=\"height: 23px;\">\n<td style=\"width: 50%; text-align: right; height: 23px;\">JANKOVSK\u00dd<\/td>\n<td style=\"width: 50%; height: 23px;\">Pavel Zatloukal<\/td>\n<\/tr>\n<tr style=\"height: 23px;\">\n<td style=\"width: 50%; text-align: right; height: 23px;\">MI\u0160O<\/td>\n<td style=\"width: 50%; height: 23px;\">Richard Labuda<\/td>\n<\/tr>\n<tr style=\"height: 23px;\">\n<td style=\"width: 50%; text-align: right; height: 23px;\">MI\u0160OV OTEC<\/td>\n<td style=\"width: 50%; height: 23px;\">Mari\u00e1n Labuda<\/td>\n<\/tr>\n<\/tbody>\n<\/table>\n<p>[\/et_pb_text][\/et_pb_column][\/et_pb_row][\/et_pb_section][et_pb_section fb_built=&#8221;1&#8243; admin_label=&#8221;Poster&#8221; _builder_version=&#8221;4.24.2&#8243; _module_preset=&#8221;default&#8221; background_color=&#8221;#010300&#8243; custom_margin=&#8221;-5px||||false|false&#8221; custom_padding=&#8221;80px||80px||false|false&#8221; hover_enabled=&#8221;0&#8243; collapsed=&#8221;off&#8221; global_colors_info=&#8221;{}&#8221; sticky_enabled=&#8221;0&#8243;][et_pb_row column_structure=&#8221;1_2,1_2&#8243; make_equal=&#8221;on&#8221; _builder_version=&#8221;4.24.2&#8243; _module_preset=&#8221;default&#8221; global_colors_info=&#8221;{}&#8221;][et_pb_column type=&#8221;1_2&#8243; _builder_version=&#8221;4.24.2&#8243; _module_preset=&#8221;default&#8221; custom_css_main_element=&#8221;margin: auto;&#8221; global_colors_info=&#8221;{}&#8221;][et_pb_video src=&#8221;https:\/\/www.youtube.com\/watch?v=vbO3kuAAh0A&#8221; image_src=&#8221;https:\/\/www.spiaciucet.sk\/wp-content\/uploads\/2024\/04\/spiaci-ucet-YT-making-of-ukazky.jpg&#8221; play_icon_color=&#8221;#FFFFFF&#8221; font_icon=&#8221;&#xe0a3;||divi||400&#8243; use_icon_font_size=&#8221;on&#8221; icon_font_size=&#8221;65px&#8221; admin_label=&#8221;Making of&#8221; _builder_version=&#8221;4.24.2&#8243; _module_preset=&#8221;default&#8221; custom_margin=&#8221;||50px||false|false&#8221; global_colors_info=&#8221;{}&#8221;][\/et_pb_video][et_pb_divider show_divider=&#8221;off&#8221; disabled_on=&#8221;off|off|on&#8221; _builder_version=&#8221;4.24.2&#8243; _module_preset=&#8221;default&#8221; custom_margin=&#8221;0px||0px||true|false&#8221; custom_padding=&#8221;||||false|false&#8221; global_colors_info=&#8221;{}&#8221;][\/et_pb_divider][\/et_pb_column][et_pb_column type=&#8221;1_2&#8243; _builder_version=&#8221;4.24.2&#8243; _module_preset=&#8221;default&#8221; global_colors_info=&#8221;{}&#8221;][et_pb_video src=&#8221;https:\/\/www.youtube.com\/watch?v=u7bFYb8Jlpk&#8221; image_src=&#8221;\/\/i.ytimg.com\/vi\/u7bFYb8Jlpk\/hqdefault.jpg&#8221; play_icon_color=&#8221;#FFFFFF&#8221; font_icon=&#8221;&#xe0a3;||divi||400&#8243; use_icon_font_size=&#8221;on&#8221; icon_font_size=&#8221;65px&#8221; admin_label=&#8221;Trailer&#8221; _builder_version=&#8221;4.24.2&#8243; _module_preset=&#8221;default&#8221; global_colors_info=&#8221;{}&#8221;][\/et_pb_video][\/et_pb_column][\/et_pb_row][\/et_pb_section][et_pb_section fb_built=&#8221;1&#8243; _builder_version=&#8221;4.24.2&#8243; _module_preset=&#8221;default&#8221; custom_padding=&#8221;0px|0px|0px|0px|true|true&#8221; hover_enabled=&#8221;0&#8243; global_colors_info=&#8221;{}&#8221; background_color=&#8221;#010300&#8243; sticky_enabled=&#8221;0&#8243;][et_pb_row use_custom_gutter=&#8221;on&#8221; gutter_width=&#8221;1&#8243; make_equal=&#8221;on&#8221; _builder_version=&#8221;4.24.2&#8243; _module_preset=&#8221;default&#8221; width=&#8221;100%&#8221; max_width=&#8221;100%&#8221; custom_padding=&#8221;0px|0px|0px|0px|true|true&#8221; global_colors_info=&#8221;{}&#8221;][et_pb_column type=&#8221;4_4&#8243; _builder_version=&#8221;4.24.2&#8243; _module_preset=&#8221;default&#8221; global_colors_info=&#8221;{}&#8221;][et_pb_gallery gallery_ids=&#8221;214,215,216,217,218,219,220,221,222,223,224,225,226,227,228,45&#8243; gallery_orderby=&#8221;rand&#8221; posts_number=&#8221;16&#8243; show_title_and_caption=&#8221;off&#8221; show_pagination=&#8221;off&#8221; zoom_icon_color=&#8221;#010300&#8243; hover_overlay_color=&#8221;rgba(206,215,212,0.5)&#8221; hover_icon=&#8221;&#x4c;||divi||400&#8243; _builder_version=&#8221;4.24.2&#8243; _module_preset=&#8221;default&#8221; hover_transition_duration=&#8221;0ms&#8221; hover_transition_speed_curve=&#8221;linear&#8221; border_color_all=&#8221;RGBA(255,255,255,0)&#8221; border_style_all=&#8221;none&#8221; border_style_all_image=&#8221;none&#8221; global_colors_info=&#8221;{}&#8221;][\/et_pb_gallery][\/et_pb_column][\/et_pb_row][\/et_pb_section][et_pb_section fb_built=&#8221;1&#8243; admin_label=&#8221;Partneri&#8221; _builder_version=&#8221;4.24.2&#8243; _module_preset=&#8221;default&#8221; background_color=&#8221;#010300&#8243; custom_margin=&#8221;-5px||||false|false&#8221; custom_padding=&#8221;50px||||false|false&#8221; global_colors_info=&#8221;{}&#8221;][et_pb_row column_structure=&#8221;1_3,1_3,1_3&#8243; make_equal=&#8221;on&#8221; _builder_version=&#8221;4.24.2&#8243; _module_preset=&#8221;default&#8221; global_colors_info=&#8221;{}&#8221;][et_pb_column type=&#8221;1_3&#8243; _builder_version=&#8221;4.24.2&#8243; _module_preset=&#8221;default&#8221; global_colors_info=&#8221;{}&#8221;][et_pb_image src=&#8221;https:\/\/www.spiaciucet.sk\/wp-content\/uploads\/2024\/03\/continental-film-logo-wh-600&#215;400-1.png&#8221; alt=&#8221;Continental film logo&#8221; title_text=&#8221;continental-film-logo-wh-600&#215;400&#8243; url=&#8221;https:\/\/www.continental-film.sk&#8221; url_new_window=&#8221;on&#8221; align=&#8221;center&#8221; align_tablet=&#8221;center&#8221; align_phone=&#8221;center&#8221; align_last_edited=&#8221;off|desktop&#8221; admin_label=&#8221;CF&#8221; _builder_version=&#8221;4.24.2&#8243; _module_preset=&#8221;default&#8221; width_tablet=&#8221;&#8221; width_phone=&#8221;&#8221; width_last_edited=&#8221;on|tablet&#8221; max_width=&#8221;300px&#8221; custom_css_main_element=&#8221;margin: auto;&#8221; global_colors_info=&#8221;{}&#8221;][\/et_pb_image][\/et_pb_column][et_pb_column type=&#8221;1_3&#8243; _builder_version=&#8221;4.24.2&#8243; _module_preset=&#8221;default&#8221; global_colors_info=&#8221;{}&#8221;][et_pb_image src=&#8221;https:\/\/www.spiaciucet.sk\/wp-content\/uploads\/2024\/04\/Logo-AVF-SK-white.png&#8221; alt=&#8221;Audiovizu\u00e1lny fond &#8211; logo&#8221; title_text=&#8221;Logo AVF SK white&#8221; url=&#8221;http:\/\/www.avf.sk\/home.aspx&#8221; url_new_window=&#8221;on&#8221; align=&#8221;center&#8221; align_tablet=&#8221;center&#8221; align_phone=&#8221;center&#8221; align_last_edited=&#8221;off|desktop&#8221; admin_label=&#8221;CF&#8221; _builder_version=&#8221;4.24.2&#8243; _module_preset=&#8221;default&#8221; width_tablet=&#8221;&#8221; width_phone=&#8221;&#8221; width_last_edited=&#8221;on|tablet&#8221; max_width=&#8221;300px&#8221; custom_margin=&#8221;||0px||false|false&#8221; custom_padding=&#8221;||||false|false&#8221; global_colors_info=&#8221;{}&#8221;][\/et_pb_image][et_pb_text _builder_version=&#8221;4.24.2&#8243; _module_preset=&#8221;default&#8221; text_orientation=&#8221;center&#8221; background_layout=&#8221;dark&#8221; global_colors_info=&#8221;{}&#8221;]Realiz\u00e1ciu a distrib\u00faciu tohoto projektu podporil Audiovizu\u00e1lny fond[\/et_pb_text][et_pb_divider show_divider=&#8221;off&#8221; disabled_on=&#8221;off|off|on&#8221; _builder_version=&#8221;4.24.2&#8243; _module_preset=&#8221;default&#8221; custom_margin=&#8221;0px||0px||true|false&#8221; custom_padding=&#8221;||||false|false&#8221; global_colors_info=&#8221;{}&#8221;][\/et_pb_divider][\/et_pb_column][et_pb_column type=&#8221;1_3&#8243; _builder_version=&#8221;4.24.2&#8243; _module_preset=&#8221;default&#8221; global_colors_info=&#8221;{}&#8221;][et_pb_image src=&#8221;https:\/\/www.spiaciucet.sk\/wp-content\/uploads\/2024\/04\/ALEF-logo-nove.png&#8221; alt=&#8221;ALEF logo&#8221; title_text=&#8221;ALEF-logo-nove&#8221; url=&#8221;https:\/\/www.afm.sk&#8221; url_new_window=&#8221;on&#8221; align=&#8221;center&#8221; align_tablet=&#8221;center&#8221; align_phone=&#8221;center&#8221; align_last_edited=&#8221;off|desktop&#8221; admin_label=&#8221;ALEF&#8221; _builder_version=&#8221;4.24.2&#8243; _module_preset=&#8221;default&#8221; width=&#8221;100%&#8221; max_width=&#8221;200px&#8221; custom_css_main_element=&#8221;margin: auto;&#8221; global_colors_info=&#8221;{}&#8221;][\/et_pb_image][\/et_pb_column][\/et_pb_row][\/et_pb_section]<\/p>\n","protected":false},"excerpt":{"rendered":"<p>Spiaci \u00fa\u010det. P\u00e1tranie po dedi\u010dstve, ktor\u00e9 v\u0161etko zmen\u00ed.<\/p>\n","protected":false},"author":1,"featured_media":114,"parent":0,"menu_order":0,"comment_status":"closed","ping_status":"closed","template":"page-template-blank.php","meta":{"_et_pb_use_builder":"on","_et_pb_old_content":"","_et_gb_content_width":"","footnotes":""},"class_list":["post-25","page","type-page","status-publish","has-post-thumbnail","hentry"],"_links":{"self":[{"href":"https:\/\/www.spiaciucet.sk\/index.php\/wp-json\/wp\/v2\/pages\/25","targetHints":{"allow":["GET"]}}],"collection":[{"href":"https:\/\/www.spiaciucet.sk\/index.php\/wp-json\/wp\/v2\/pages"}],"about":[{"href":"https:\/\/www.spiaciucet.sk\/index.php\/wp-json\/wp\/v2\/types\/page"}],"author":[{"embeddable":true,"href":"https:\/\/www.spiaciucet.sk\/index.php\/wp-json\/wp\/v2\/users\/1"}],"replies":[{"embeddable":true,"href":"https:\/\/www.spiaciucet.sk\/index.php\/wp-json\/wp\/v2\/comments?post=25"}],"version-history":[{"count":74,"href":"https:\/\/www.spiaciucet.sk\/index.php\/wp-json\/wp\/v2\/pages\/25\/revisions"}],"predecessor-version":[{"id":263,"href":"https:\/\/www.spiaciucet.sk\/index.php\/wp-json\/wp\/v2\/pages\/25\/revisions\/263"}],"wp:featuredmedia":[{"embeddable":true,"href":"https:\/\/www.spiaciucet.sk\/index.php\/wp-json\/wp\/v2\/media\/114"}],"wp:attachment":[{"href":"https:\/\/www.spiaciucet.sk\/index.php\/wp-json\/wp\/v2\/media?parent=25"}],"curies":[{"name":"wp","href":"https:\/\/api.w.org\/{rel}","templated":true}]}}